{"id":211,"date":"2022-05-24T13:11:59","date_gmt":"2022-05-24T13:11:59","guid":{"rendered":"https:\/\/desatascosdomarco.com\/wordpress\/?page_id=211"},"modified":"2024-07-01T09:01:37","modified_gmt":"2024-07-01T09:01:37","slug":"aviso_legal","status":"publish","type":"page","link":"https:\/\/desatascosdomarco.com\/wordpress\/aviso_legal\/","title":{"rendered":"Aviso legal"},"content":{"rendered":"[vc_row type=&#8221;in_container&#8221; full_screen_row_position=&#8221;middle&#8221; scene_position=&#8221;center&#8221; text_color=&#8221;dark&#8221; text_align=&#8221;left&#8221; overlay_strength=&#8221;0.3&#8243; shape_divider_position=&#8221;bottom&#8221; bg_image_animation=&#8221;none&#8221;][vc_column column_padding=&#8221;no-extra-padding&#8221; column_padding_position=&#8221;all&#8221; background_color_opacity=&#8221;1&#8243; background_hover_color_opacity=&#8221;1&#8243; column_link_target=&#8221;_self&#8221; column_shadow=&#8221;none&#8221; column_border_radius=&#8221;none&#8221; width=&#8221;1\/1&#8243; tablet_width_inherit=&#8221;default&#8221; tablet_text_alignment=&#8221;default&#8221; phone_text_alignment=&#8221;default&#8221; column_border_width=&#8221;none&#8221; column_border_style=&#8221;solid&#8221; bg_image_animation=&#8221;none&#8221;]<div class=\"divider-wrap\" data-alignment=\"default\"><div style=\"height: 80px;\" class=\"divider\"><\/div><\/div>[vc_column_text]\n<h1 style=\"text-align: center;\"><span style=\"color: #000000;\"><strong>AVISO LEGAL<\/strong><\/span><\/h1>\n[\/vc_column_text]<div class=\"divider-wrap\" data-alignment=\"default\"><div style=\"height: 30px;\" class=\"divider\"><\/div><\/div>[vc_column_text]El presente aviso legal (en adelante, el \u201cAviso Legal\u201d) regula el uso del servicio del portal de Internet www.desatascosdomarco.com (en adelante, el \u201cWeb\u201d) de Desatascos Domarco SL con domicilio social en Pol\u00edgono Arzubia 20, 48220 Abadi\u00f1o, Bizkaia con CIF B95938973.<\/p>\n<p>Legislaci\u00f3n<\/p>\n<p>Con car\u00e1cter general las relaciones entre Desatascos Domarco SL con los Usuarios de sus servicios telem\u00e1ticos, presentes en la web, se encuentran sometidas a la legislaci\u00f3n y jurisdicci\u00f3n espa\u00f1olas.<\/p>\n<p>Las partes renuncian expresamente al fuero que les pudiera corresponder y someten expresamente a los Juzgados y Tribunales de BILBAO para resolver cualquier controversia que pueda surgir en la interpretaci\u00f3n o ejecuci\u00f3n de las presentes condiciones contractuales.<\/p>\n<p>Contenido y uso<\/p>\n<p>El Usuario queda informado, y acepta, que el acceso a la presente web no supone, en modo alguno, el inicio de una relaci\u00f3n comercial con Desatascos Domarco SL.<\/p>\n<p>El titular del web no se identifica con las opiniones vertidas en el mismo por sus colaboradores. La Empresa se reserva el derecho de efectuar sin previo aviso las modificaciones que considere oportunas en su Web, pudiendo cambiar, suprimir o a\u00f1adir tanto los contenidos y servicios que se presten a trav\u00e9s de la misma como la forma en la que \u00e9stos aparezcan presentados o localizados en sus servidores.<\/p>\n<p>Propiedad intelectual e industrial<\/p>\n<p>Los derechos de propiedad intelectual del contenido de las p\u00e1ginas web, su dise\u00f1o gr\u00e1fico y c\u00f3digos son titularidad de Desatascos Domarco SL y, por tanto, queda prohibida su reproducci\u00f3n, distribuci\u00f3n, comunicaci\u00f3n p\u00fablica, transformaci\u00f3n o cualquier otra actividad que se pueda realizar con los contenidos de sus p\u00e1ginas web ni aun citando las fuentes, salvo consentimiento por escrito de Desatascos Domarco SL. Todos los nombres comerciales, marcas o signos distintos de cualquier clase contenidos en las p\u00e1ginas web de la Empresa son propiedad de sus due\u00f1os y est\u00e1n protegidos por ley.<\/p>\n<p>Enlaces (Links)<\/p>\n<p>La presencia de enlaces (links) en las p\u00e1ginas web de Desatascos Domarco SL tiene finalidad meramente informativa y en ning\u00fan caso supone sugerencia, invitaci\u00f3n o recomendaci\u00f3n sobre los mismos.<\/p>\n<p>Confidencialidad y Protecci\u00f3n de Datos<\/p>\n<p>A efecto de lo previsto en RGPD de 27 de abril de 2016, Desatascos Domarco SL informa al Usuario de la existencia de un tratamiento automatizado de datos de car\u00e1cter personal creado por y para Desatascos Domarco SL y bajo su responsabilidad, con la finalidad de realizar el mantenimiento y gesti\u00f3n de la relaci\u00f3n con el Usuario, as\u00ed como las labores de informaci\u00f3n. En el momento de la aceptaci\u00f3n de las presentes condiciones generales, Desatascos Domarco SL precisar\u00e1 del Usuario la recogida de unos datos imprescindibles para la prestaci\u00f3n de sus servicios.<\/p>\n<p>Registro de ficheros y formularios<\/p>\n<p>La cumplimentaci\u00f3n del formulario de registro es obligatoria para acceder y disfrutar de determinados servicios ofrecidos en la web. El no facilitar los datos personales solicitados o el no aceptar la presente pol\u00edtica de protecci\u00f3n de datos supone la imposibilidad de suscribirse, registrarse o participar en cualquiera de las promociones en las que se soliciten datos car\u00e1cter personal.<\/p>\n<p>A efecto de lo previsto en RGPD de 27 de abril de 2016, le informamos que los datos personales que se obtengan como consecuencia de su registro como Usuario, ser\u00e1n incorporados a un fichero titularidad de Desatascos Domarco SL con C.I.F B95938973 y domicilio en Pol\u00edgono Arzubia 20, 48220 Abadi\u00f1o, Bizkaia, teniendo implementadas las medidas de seguridad establecidas en el Real Decreto 1720\/2007, de 11 de junio.<\/p>\n<p>Exactitud y veracidad de los datos facilitados<\/p>\n<p>El Usuario es el \u00fanico responsable de la veracidad y correcci\u00f3n de los datos incluidos, exoner\u00e1ndose Desatascos Domarco SL de cualquier responsabilidad al respecto. Los usuarios garantizan y responden, en cualquier caso, de la exactitud, vigencia y autenticidad de los datos personales facilitados, y se comprometen a mantenerlos debidamente actualizados. El usuario acepta proporcionar informaci\u00f3n completa y correcta en el formulario de registro o suscripci\u00f3n. Desatascos Domarco SL no responde de la veracidad de las informaciones que no sean de elaboraci\u00f3n propia y de las que se indique otra fuente, por lo que tampoco asume responsabilidad alguna en cuanto a hipot\u00e9ticos perjuicios que pudieran originarse por el uso de dicha informaci\u00f3n. Desatascos Domarco SL se reserva el derecho a actualizar, modificar o eliminar la informaci\u00f3n contenida en sus p\u00e1ginas web pudiendo incluso limitar o no permitir el acceso a dicha informaci\u00f3n. Se exonera a Desatascos Domarco SL de responsabilidad ante cualquier da\u00f1o o perjuicio que pudiera sufrir el Usuario como consecuencia de errores, defectos u omisiones, en la informaci\u00f3n facilitada por Desatascos Domarco SL siempre que proceda de fuentes ajenas a Desatascos Domarco SL.<\/p>\n<p>Cookies<\/p>\n<p>El sitio www.desatascosdomarco.com no utiliza cookies, considerando tales ficheros f\u00edsicos de informaci\u00f3n alojados en el propio terminal del usuario y sirven para facilitar la navegaci\u00f3n del usuario por el portal. De todas formas, el usuario tiene la posibilidad de configurar el navegador de tal modo que impida la instalaci\u00f3n de estos archivos.<\/p>\n<p>Finalidades<\/p>\n<p>Las finalidades de Desatascos Domarco son el mantenimiento y gesti\u00f3n de la relaci\u00f3n con el Usuario, as\u00ed como las labores de informaci\u00f3n.<\/p>\n<p>Menores de edad<\/p>\n<p>En el supuesto que algunos de nuestros servicios vayan dirigidos espec\u00edficamente a menores de edad, Desatascos Domarco SL solicitar\u00e1 la conformidad de los padres o tutores para la recogida de los datos personales o, en su caso, para el tratamiento automatizado de los datos.<\/p>\n<p>Cesi\u00f3n de datos a terceros<\/p>\n<p>Desatascos Domarco SL no realizar\u00e1 cesi\u00f3n de datos de los usuarios a terceros.<\/p>\n<p>Ejercicio de derechos de acceso, rectificaci\u00f3n, cancelaci\u00f3n y oposici\u00f3n<\/p>\n<p>Podr\u00e1 dirigir sus comunicaciones y ejercitar los derechos de acceso, rectificaci\u00f3n, supresi\u00f3n, limitaci\u00f3n, portabilidad y oposici\u00f3n en la direcci\u00f3n de Internet a www.desatascosdomarco.com o bien por correo ordinario dirigido a Desatascos Domarco SL, Ref. RGPD, en Pol\u00edgono Arzubia 20, 48220 Abadi\u00f1o, Bizkaia. Para ejercer dichos derechos es necesario que usted acredite su personalidad frente a Desatascos Domarco SL mediante el env\u00edo de fotocopia de Documento Nacional de Identidad o cualquier otro medio v\u00e1lido en Derecho. No obstante, la modificaci\u00f3n o rectificaci\u00f3n de sus datos de registro se podr\u00e1 realizar en el propio Site identific\u00e1ndose, previamente, con su usuario y contrase\u00f1a.<\/p>\n<p>Medidas de seguridad<\/p>\n<p>Desatascos Domarco SL ha adoptado los niveles de seguridad de protecci\u00f3n de los Datos Personales legalmente requeridos, y procuran instalar aquellos otros medios y medidas t\u00e9cnicas adicionales a su alcance para evitar la p\u00e9rdida, mal uso, alteraci\u00f3n, acceso no autorizado y robo de los Datos Personales facilitados a Desatascos Domarco SL no ser\u00e1 responsable de posibles da\u00f1os o perjuicios que se pudieran derivar de interferencias, omisiones, interrupciones, virus inform\u00e1ticos, aver\u00edas telef\u00f3nicas o desconexiones en el funcionamiento operativo de este sistema electr\u00f3nico, motivadas por causas ajenas a Desatascos Domarco SL; de retrasos o bloqueos en el uso del presente sistema electr\u00f3nico causados por deficiencias o sobrecargas de l\u00edneas telef\u00f3nicas o sobrecargas en el Centro de Procesos de Datos, en el sistema de Internet o en otros sistemas electr\u00f3nicos, as\u00ed como de da\u00f1os que puedan ser causados por terceras personas mediante intromisiones ileg\u00edtimas fuera del control de Desatascos Domarco SL. Ello, no obstante, el Usuario debe ser consciente de que las medidas de seguridad en Internet no son inexpugnables.<\/p>\n<p>Aceptaci\u00f3n y consentimiento<\/p>\n<p>El usuario declara haber sido informado de las condiciones sobre protecci\u00f3n de datos personales, aceptando y consintiendo el tratamiento automatizado de los mismos por parte de Desatascos Domarco SL, en la forma y para las finalidades indicadas en la presente Pol\u00edtica de Protecci\u00f3n de Datos Personales. Ciertos servicios prestados en el Portal pueden contener condiciones particulares con previsiones espec\u00edficas en materia de protecci\u00f3n de Datos Personales.<br \/>\nPOL\u00cdTICA DE COOKIES<\/p>\n<p>\u00bfQu\u00e9 son las cookies?<\/p>\n<p>Las cookies son ficheros de texto de peque\u00f1o tama\u00f1o que se almacenan en el disco duro o en la memoria del ordenador que accede o visita las p\u00e1ginas de determinados sitios web, de forma que se puedan conocer las preferencias del usuario al volver a conectarse. Las cookies almacenadas en el disco duro del usuario no pueden leer los datos contenidos en \u00e9l, acceder a informaci\u00f3n personal ni leer las cookies creadas por otros proveedores.<\/p>\n<p>\u00bfQu\u00e9 tipo de cookies existen?<\/p>\n<p>Seg\u00fan la entidad que las gestione:<br \/>\nCookies propias: son las generadas por la p\u00e1gina que est\u00e1 visitando.<br \/>\nCookies de terceros: son las generadas por servicios o proveedores externos como Facebook, Twitter, Google, etc.<\/p>\n<p>Seg\u00fan el plazo de tiempo que permanecen activas:<br \/>\nCookies de sesi\u00f3n: son un tipo de cookies dise\u00f1adas para recabar y almacenar datos mientras el usuario accede a una p\u00e1gina web.<br \/>\nCookies persistentes: son un tipo de cookies en el que los datos siguen almacenados en el terminal y pueden ser accedidos y tratados durante un periodo definido por el responsable de la cookie.<\/p>\n<p>Seg\u00fan su finalidad:<br \/>\nCookies t\u00e9cnicas: son las m\u00e1s elementales y permiten, entre otras cosas, saber cu\u00e1ndo est\u00e1 navegando un humano o una aplicaci\u00f3n automatizada, cu\u00e1ndo navega un usuario an\u00f3nimo y uno registrado, tareas b\u00e1sicas para el funcionamiento de cualquier web din\u00e1mica.<br \/>\nCookies de personalizaci\u00f3n: son aqu\u00e9llas que permiten al usuario acceder al servicio con algunas caracter\u00edsticas de car\u00e1cter general predefinidas en su terminal o que el propio usuario defina. Por ejemplo, el idioma, el tipo de navegador a trav\u00e9s del cual accede al servicio, el dise\u00f1o de contenidos seleccionado, geolocalizaci\u00f3n del terminal y la configuraci\u00f3n regional desde donde se accede al servicio, etc.<br \/>\nCookies de an\u00e1lisis: recogen informaci\u00f3n sobre el tipo de navegaci\u00f3n que est\u00e1 realizando, las secciones que m\u00e1s utiliza, productos consultados, franja horaria de uso, idioma, etc.<br \/>\nCookies publicitarias: muestran publicidad en funci\u00f3n de su navegaci\u00f3n, su pa\u00eds de procedencia, idioma, etc.<br \/>\nCookies de publicidad comportamental: son aquellas que permiten la gesti\u00f3n eficaz de los espacios publicitarios que se han incluido en la p\u00e1gina web o aplicaci\u00f3n desde la que se presta el servicio. Estas cookies almacenan informaci\u00f3n del comportamiento de los usuarios a trav\u00e9s de la observaci\u00f3n permitiendo posteriormente desarrollar un perfil espec\u00edfico para mostrar publicidad en funci\u00f3n del mismo.<\/p>\n<p>\u00bfQu\u00e9 tipo de cookies utilizamos en www.desatascosdomarco.com?<\/p>\n<p>Google Analytics<br \/>\nGoogle Analytics es un servicio anal\u00edtico de web prestado por Google, Inc., una compa\u00f1\u00eda de Delaware cuya oficina principal est\u00e1 en 1600 Amphitheatre Parkway, Mountain View (California), CA 94043, Estados Unidos (\u201cGoogle\u201d). Google Analytics utiliza \u201ccookies\u201d, que son archivos de texto ubicados en su ordenador, para ayudar al sitio web a analizar el uso que hacen los usuarios del sitio web. La informaci\u00f3n que genera la cookie acerca de su uso del sitio web (incluyendo su direcci\u00f3n IP) ser\u00e1 directamente transmitida y archivada por Google en los servidores de Estados Unidos. Google usar\u00e1 esta informaci\u00f3n por cuenta nuestra con el prop\u00f3sito de seguir la pista de su uso del sitio web, recopilando informes de la actividad del sitio web y prestando otros servicios relacionados con la actividad del sitio web y el uso de Internet. Google podr\u00e1 transmitir dicha informaci\u00f3n a terceros cuando as\u00ed se lo requiera la legislaci\u00f3n, o cuando dichos terceros procesen la informaci\u00f3n por cuenta de Google. Google no asociar\u00e1 su direcci\u00f3n IP con ning\u00fan otro dato del que disponga Google. Puede Usted rechazar el tratamiento de los datos o la informaci\u00f3n rechazando el uso de cookies mediante la selecci\u00f3n de la configuraci\u00f3n apropiada de su navegador, sin embargo, debe Usted saber que si lo hace puede ser que no pueda usar la plena funcionalidad de este sitio web.<\/p>\n<p>\u2022 __ga: esta cookie se utiliza para distinguir a los usuarios y medir c\u00f3mo interact\u00faan en las p\u00e1ginas. Esta cookie es de tipo persistente y tiene un plazo de caducidad de dos a\u00f1os.<br \/>\n\u2022 __gat: esta cookie se utiliza para limitar el porcentaje de solicitudes. La duraci\u00f3n de esta cookie es de 10 minutos.<br \/>\n\u2022 __utma: se usa para distinguir usuarios y sesiones. La cookie se crea cuando se ejecuta la biblioteca JavaScript y no hay ninguna cookie __utma. La cookie se actualiza cada vez que se env\u00edan datos a Google Analytics.<br \/>\nEsta cookie es de tipo persistente y tiene un plazo de caducidad de veinti\u00fan meses a partir de la configuraci\u00f3n o actualizaci\u00f3n.<br \/>\n\u2022 __utmz: almacena la fuente de tr\u00e1fico o la campa\u00f1a que explica c\u00f3mo ha llegado el usuario al sitio. La cookie se crea cuando se ejecuta la biblioteca JavaScript y se actualiza cada vez que se env\u00edan datos a Google Analytics.<br \/>\nEsta cookie es de tipo persistente y tiene un plazo de caducidad de tres meses a partir de la configuraci\u00f3n o actualizaci\u00f3n.<br \/>\nM\u00e1s informaci\u00f3n sobre las cookies relacionadas con Google Analytics en este enlace:<br \/>\nhttps:\/\/developers.google.com\/analytics\/devguides\/collection\/analyticsjs\/cookie-usage<\/p>\n<p>\u00bfC\u00f3mo deshabilitar las cookies?<\/p>\n<p>El modo en que el usuario puede deshabilitar cookies depender\u00e1 del navegador o navegadores que utilice. Todos los navegadores permiten cambiar la configuraci\u00f3n relacionada con las cookies. A continuaci\u00f3n, indicamos los pasos a dar para llegar a dicha configuraci\u00f3n en los principales navegadores utilizados en la actualidad, si bien los pasos que se describen pueden variar en funci\u00f3n de la versi\u00f3n del navegador:<\/p>\n<p>\u2022 Firefox: https:\/\/support.mozilla.org\/es\/kb\/habilitar-y-deshabilitar-cookies-que-los-sitios-web<br \/>\nPara acceder a la configuraci\u00f3n de cookies del navegador Firefox siga estos pasos (pueden variar en funci\u00f3n de la versi\u00f3n del navegador):<br \/>\n1. Vaya a Opciones o Preferencias seg\u00fan su sistema operativo.<br \/>\n2. Haga click en Privacidad.<br \/>\n3. En Historial elija Usar una configuraci\u00f3n personalizada para el historial.<br \/>\n4. Ahora ver\u00e1 la opci\u00f3n Aceptar cookies, puede activarla o desactivarla seg\u00fan sus preferencias.<\/p>\n<p>\u2022 Internet Explorer: https:\/\/windows.microsoft.com\/es-es\/windows-vista\/Block-or-allow-cookies<br \/>\nhttps:\/\/windows.microsoft.com\/es-es\/windows-vista\/Block-or-allow-cookies<br \/>\n1. Vaya a Herramientas, Opciones de Internet<br \/>\n2. Haga click en Privacidad.<br \/>\n3. Mueva el deslizador hasta ajustar el nivel de privacidad que desee.<\/p>\n<p>\u2022 Chrome: https:\/\/support.google.com\/chrome\/answer\/95647?hl=es<br \/>\nPara acceder a la configuraci\u00f3n de cookies del navegador Chrome siga estos pasos (pueden variar en funci\u00f3n de la versi\u00f3n del navegador):<br \/>\n1. Vaya a Configuraci\u00f3n o Preferencias mediante el men\u00fa Archivo o bien pinchando el icono de personalizaci\u00f3n que aparece arriba a la derecha.<br \/>\n2. Ver\u00e1 diferentes secciones, pinche la opci\u00f3n Mostrar opciones avanzadas.<br \/>\n3. Vaya a Privacidad, Configuraci\u00f3n de contenido.<br \/>\n4. Seleccione Todas las cookies y los datos de sitios.<br \/>\n5. Aparecer\u00e1 un listado con todas las cookies ordenadas por dominio. Para que le sea m\u00e1s f\u00e1cil encontrar las cookies de un determinado dominio introduzca parcial o totalmente la direcci\u00f3n en el campo Buscar cookies.<br \/>\n6. Tras realizar este filtro aparecer\u00e1n en pantalla una o varias l\u00edneas con las cookies de la web solicitada. Ahora s\u00f3lo tiene que seleccionarla y pulsar la X para proceder a su eliminaci\u00f3n.<\/p>\n<p>\u2022 Safari: https:\/\/support.apple.com\/kb\/HT1677?viewlocale=es_ES<br \/>\nPara acceder a la configuraci\u00f3n de cookies del navegador Safari para OSX siga estos pasos (pueden variar en funci\u00f3n de la versi\u00f3n del navegador):<br \/>\n1. Vaya a Preferencias, luego Privacidad.<br \/>\n2. En este lugar ver\u00e1 la opci\u00f3n Bloquear cookies para que ajuste el tipo de bloqueo que desea realizar.<br \/>\nPara acceder a la configuraci\u00f3n de cookies del navegador Safari para iOS siga estos pasos (pueden variar en funci\u00f3n de la versi\u00f3n del navegador):<br \/>\n3. Vaya a Ajustes, luego Safari.<br \/>\n4. Vaya a Privacidad y Seguridad, ver\u00e1 la opci\u00f3n Bloquear cookies para que ajuste el tipo de bloqueo que desea realizar.<\/p>\n<p>\u2022 Apple: https:\/\/www.apple.com\/legal\/privacy\/es\/cookies\/<\/p>\n<p>\u2022 Android: Enlace a pol\u00edticas de privacidad de Google: https:\/\/www.google.es\/intl\/es\/policies\/privacy\/<br \/>\nEnlace a ayuda relacionada con Android: https:\/\/support.google.com\/android\/?hl=es<br \/>\nPara acceder a la configuraci\u00f3n de cookies del navegador para dispositivos Android siga estos pasos (pueden variar en funci\u00f3n de la versi\u00f3n del navegador):<br \/>\n1. Ejecute el navegador y pulse la tecla Men\u00fa, luego Ajustes.<br \/>\n2. Vaya a Seguridad y Privacidad, ver\u00e1 la opci\u00f3n Aceptar cookies para que active o desactive la casilla.<\/p>\n<p>\u2022 Windows Phone: https:\/\/www.windowsphone.com\/es-ES\/how-to\/wp7\/web\/changing-privacy-and-other-browser-settings<br \/>\nPara acceder a la configuraci\u00f3n de cookies del navegador para dispositivos Windows Phone siga estos pasos (pueden variar en funci\u00f3n de la versi\u00f3n del navegador):<br \/>\n1. Abra Internet Explorer, luego M\u00e1s, luego Configuraci\u00f3n<br \/>\n2. Ahora puede activar o desactivar la casilla Permitir cookies.<\/p>\n<p>\u2022 BlackBerry:<br \/>\nhttps:\/\/docs.blackberry.com\/en\/smartphone_users\/deliverables\/18578\/Turn_off_cookies_in_the_browser_60_1072866_11.jsp<\/p>\n<p>\u00bfQu\u00e9 consecuencias tiene deshabilitar las cookies?<\/p>\n<p>En caso de que el usuario impida la activaci\u00f3n de las cookies o desactive en caso de haberlas autorizado previamente, podr\u00e1 afectar al funcionamiento de algunas funcionalidades del sitio web, entre otras, mostrarle la informaci\u00f3n en el idioma seleccionado, mostrar el pop-ups o conservar la informaci\u00f3n sobre la aceptaci\u00f3n del uso de cookies. Este es el caso de las cookies indicadas en el apartado \u201cCookies de funcionamiento\u201d.<br \/>\nDel mismo modo, tampoco podremos obtener informaci\u00f3n sobre navegaci\u00f3n de los usuarios por nuestro sitio web, lo cual impedir\u00e1 o dificultar\u00e1 la mejora de la informaci\u00f3n y contenidos que publicamos as\u00ed como su presentaci\u00f3n. Este es el caso de las cookies de Google Analytics.<\/p>\n<p>Cookies en redes sociales donde Desatascos Domarco tiene perfil<\/p>\n<p>Se informa a los usuarios de que en las redes sociales donde Desatascos Domarco tiene perfil se utilizan asimismo cookies que trascienden del control por parte de Desatascos Domarco. A continuaci\u00f3n ofrecemos informaci\u00f3n sobre las cookies utilizadas en cada una de esas redes sociales que recomendamos leer antes de aceptar este aviso sobre pol\u00edticas de cookies:<br \/>\n\u2022 Facebook: https:\/\/www.facebook.com\/help\/cookies<br \/>\n\u2022 Twitter: https:\/\/support.twitter.com\/articles\/20170521<br \/>\n\u2022 Youtube: https:\/\/www.google.es\/intl\/es\/policies\/technologies\/types\/<br \/>\n\u2022 Instagram: https:\/\/instagram.com\/legal\/cookies\/<\/p>\n<p>Cambios o actualizaciones en nuestras pol\u00edticas sobre cookies<\/p>\n<p>Es posible que la estructura y funcionalidades del presente sitio web se modifique para a\u00f1adir nuevos apartados, servicios o contenidos, lo cual puede suponer que se modifique el uso y, por tanto, nuestra sobre cookies. Por eso recomendamos a los usuarios que cada vez que accedan a nuestro sitio web revisen las pol\u00edticas de cookies publicadas por si se hubiera producido alg\u00fan cambio desde su \u00faltima visita.[\/vc_column_text][\/vc_column][\/vc_row][vc_row type=&#8221;full_width_content&#8221; full_screen_row_position=&#8221;middle&#8221; scene_position=&#8221;center&#8221; text_color=&#8221;dark&#8221; text_align=&#8221;left&#8221; overlay_strength=&#8221;0.3&#8243; shape_divider_position=&#8221;bottom&#8221; bg_image_animation=&#8221;none&#8221; shape_type=&#8221;&#8221;][vc_column column_padding=&#8221;no-extra-padding&#8221; column_padding_position=&#8221;all&#8221; background_color_opacity=&#8221;1&#8243; background_hover_color_opacity=&#8221;1&#8243; column_link_target=&#8221;_self&#8221; column_shadow=&#8221;none&#8221; column_border_radius=&#8221;none&#8221; width=&#8221;1\/1&#8243; tablet_width_inherit=&#8221;default&#8221; tablet_text_alignment=&#8221;default&#8221; phone_text_alignment=&#8221;default&#8221; column_border_width=&#8221;none&#8221; column_border_style=&#8221;solid&#8221; bg_image_animation=&#8221;none&#8221;]<div class=\"divider-wrap\" data-alignment=\"default\"><div style=\"margin-top: 12px; height: 3px; margin-bottom: 12px;\" data-width=\"100%\" data-animate=\"yes\" data-animation-delay=\"\" data-color=\"accent-color\" class=\"divider-border\"><\/div><\/div>[\/vc_column][\/vc_row]\n","protected":false},"excerpt":{"rendered":"<p>[vc_row type=&#8221;in_container&#8221; full_screen_row_position=&#8221;middle&#8221; scene_position=&#8221;center&#8221; text_color=&#8221;dark&#8221; text_align=&#8221;left&#8221; overlay_strength=&#8221;0.3&#8243; shape_divider_position=&#8221;bottom&#8221; bg_image_animation=&#8221;none&#8221;][vc_column column_padding=&#8221;no-extra-padding&#8221; column_padding_position=&#8221;all&#8221; background_color_opacity=&#8221;1&#8243; background_hover_color_opacity=&#8221;1&#8243; column_link_target=&#8221;_self&#8221; column_shadow=&#8221;none&#8221; column_border_radius=&#8221;none&#8221; width=&#8221;1\/1&#8243; tablet_width_inherit=&#8221;default&#8221; tablet_text_alignment=&#8221;default&#8221; phone_text_alignment=&#8221;default&#8221; column_border_width=&#8221;none&#8221; column_border_style=&#8221;solid&#8221; bg_image_animation=&#8221;none&#8221;][vc_column_text] AVISO LEGAL [\/vc_column_text][vc_column_text]El presente aviso legal (en&#8230;<\/p>\n","protected":false},"author":1,"featured_media":0,"parent":0,"menu_order":0,"comment_status":"closed","ping_status":"closed","template":"","meta":{"footnotes":""},"class_list":["post-211","page","type-page","status-publish"],"_links":{"self":[{"href":"https:\/\/desatascosdomarco.com\/wordpress\/wp-json\/wp\/v2\/pages\/211","targetHints":{"allow":["GET"]}}],"collection":[{"href":"https:\/\/desatascosdomarco.com\/wordpress\/wp-json\/wp\/v2\/pages"}],"about":[{"href":"https:\/\/desatascosdomarco.com\/wordpress\/wp-json\/wp\/v2\/types\/page"}],"author":[{"embeddable":true,"href":"https:\/\/desatascosdomarco.com\/wordpress\/wp-json\/wp\/v2\/users\/1"}],"replies":[{"embeddable":true,"href":"https:\/\/desatascosdomarco.com\/wordpress\/wp-json\/wp\/v2\/comments?post=211"}],"version-history":[{"count":3,"href":"https:\/\/desatascosdomarco.com\/wordpress\/wp-json\/wp\/v2\/pages\/211\/revisions"}],"predecessor-version":[{"id":307,"href":"https:\/\/desatascosdomarco.com\/wordpress\/wp-json\/wp\/v2\/pages\/211\/revisions\/307"}],"wp:attachment":[{"href":"https:\/\/desatascosdomarco.com\/wordpress\/wp-json\/wp\/v2\/media?parent=211"}],"curies":[{"name":"wp","href":"https:\/\/api.w.org\/{rel}","templated":true}]}}