{"id":148,"date":"2022-05-24T10:38:29","date_gmt":"2022-05-24T10:38:29","guid":{"rendered":"https:\/\/desatascosdomarco.com\/wordpress\/?page_id=148"},"modified":"2022-05-24T10:39:05","modified_gmt":"2022-05-24T10:39:05","slug":"limpieza_pozos_septicos","status":"publish","type":"page","link":"https:\/\/desatascosdomarco.com\/wordpress\/limpieza_pozos_septicos\/","title":{"rendered":"Limpieza de pozos s\u00e9pticos"},"content":{"rendered":"[vc_row type=&#8221;in_container&#8221; full_screen_row_position=&#8221;middle&#8221; scene_position=&#8221;center&#8221; text_color=&#8221;dark&#8221; text_align=&#8221;left&#8221; overlay_strength=&#8221;0.3&#8243; shape_divider_position=&#8221;bottom&#8221; bg_image_animation=&#8221;none&#8221;][vc_column column_padding=&#8221;no-extra-padding&#8221; column_padding_position=&#8221;all&#8221; background_color_opacity=&#8221;1&#8243; background_hover_color_opacity=&#8221;1&#8243; column_link_target=&#8221;_self&#8221; column_shadow=&#8221;none&#8221; column_border_radius=&#8221;none&#8221; width=&#8221;1\/1&#8243; tablet_width_inherit=&#8221;default&#8221; tablet_text_alignment=&#8221;default&#8221; phone_text_alignment=&#8221;default&#8221; column_border_width=&#8221;none&#8221; column_border_style=&#8221;solid&#8221; bg_image_animation=&#8221;none&#8221;]<div class=\"divider-wrap\" data-alignment=\"default\"><div style=\"height: 50px;\" class=\"divider\"><\/div><\/div>[vc_column_text]\n<p style=\"text-align: right;\"><a href=\".\/servicios\">Volver a servicios<\/a><\/p>\n[\/vc_column_text][vc_column_text]\n<h1 style=\"text-align: center;\"><span style=\"color: #000000;\"><strong>LIMPIEZA DE POZOS S\u00c9PTICOS<\/strong><\/span><\/h1>\n[\/vc_column_text]<div class=\"divider-wrap\" data-alignment=\"default\"><div style=\"height: 30px;\" class=\"divider\"><\/div><\/div>[vc_column_text]\n<h3><span style=\"color: #808080;\">El mantenimiento de fosas s\u00e9pticas y el vaciado peri\u00f3dico de los pozos s\u00e9pticos, es un servicio imprescindible en cualquier vivienda individual o colectiva si se desea no sufrir incovenientes.<\/span><br \/>\n<span style=\"color: #808080;\">La fosa s\u00e9ptica es una c\u00e1mara donde se separan las aguas residuales de la parte s\u00f3lida (cienos), de modo que la parte l\u00edquida salga de nuevo con la mejor calidad posible. La parte s\u00f3lida que no se ha podido convertir en agua (en el pozo se realizan una serie de transformaciones qu\u00edmicas que tratan de extraer todo el agua que se pueda), queda en la fosa, de modo que hay que vaciarla cada cierto tiempo.<\/span><\/h3>\n[\/vc_column_text]<div class=\"divider-wrap\" data-alignment=\"default\"><div style=\"height: 20px;\" class=\"divider\"><\/div><\/div>[vc_row_inner column_margin=&#8221;default&#8221; text_align=&#8221;left&#8221;][vc_column_inner column_padding=&#8221;no-extra-padding&#8221; column_padding_position=&#8221;all&#8221; centered_text=&#8221;true&#8221; background_color_opacity=&#8221;1&#8243; background_hover_color_opacity=&#8221;1&#8243; column_shadow=&#8221;none&#8221; column_border_radius=&#8221;none&#8221; column_link_target=&#8221;_self&#8221; width=&#8221;1\/2&#8243; tablet_width_inherit=&#8221;default&#8221; column_border_width=&#8221;none&#8221; column_border_style=&#8221;solid&#8221; bg_image_animation=&#8221;none&#8221;]<div class=\"img-with-aniamtion-wrap \" data-max-width=\"100%\" data-border-radius=\"none\"><div class=\"inner\"><img loading=\"lazy\" decoding=\"async\" data-shadow=\"none\" data-shadow-direction=\"middle\" class=\"img-with-animation skip-lazy \" data-delay=\"0\" height=\"450\" width=\"800\"  data-animation=\"fade-in\" src=\"https:\/\/desatascosdomarco.com\/wordpress\/wp-content\/uploads\/2022\/05\/pozos_septicos_1.jpg\" srcset=\"https:\/\/desatascosdomarco.com\/wordpress\/wp-content\/uploads\/2022\/05\/pozos_septicos_1.jpg 800w, https:\/\/desatascosdomarco.com\/wordpress\/wp-content\/uploads\/2022\/05\/pozos_septicos_1-300x169.jpg 300w, https:\/\/desatascosdomarco.com\/wordpress\/wp-content\/uploads\/2022\/05\/pozos_septicos_1-768x432.jpg 768w\" sizes=\"auto, 100vw\" alt=\"\" \/><\/div><\/div>[\/vc_column_inner][vc_column_inner column_padding=&#8221;no-extra-padding&#8221; column_padding_position=&#8221;all&#8221; background_color_opacity=&#8221;1&#8243; background_hover_color_opacity=&#8221;1&#8243; column_shadow=&#8221;none&#8221; column_border_radius=&#8221;none&#8221; column_link_target=&#8221;_self&#8221; width=&#8221;1\/2&#8243; tablet_width_inherit=&#8221;default&#8221; column_border_width=&#8221;none&#8221; column_border_style=&#8221;solid&#8221; bg_image_animation=&#8221;none&#8221;]<div class=\"img-with-aniamtion-wrap \" data-max-width=\"100%\" data-border-radius=\"none\"><div class=\"inner\"><img loading=\"lazy\" decoding=\"async\" data-shadow=\"none\" data-shadow-direction=\"middle\" class=\"img-with-animation skip-lazy \" data-delay=\"0\" height=\"450\" width=\"800\"  data-animation=\"fade-in\" src=\"https:\/\/desatascosdomarco.com\/wordpress\/wp-content\/uploads\/2022\/05\/pozos_septicos_2.jpg\" srcset=\"https:\/\/desatascosdomarco.com\/wordpress\/wp-content\/uploads\/2022\/05\/pozos_septicos_2.jpg 800w, https:\/\/desatascosdomarco.com\/wordpress\/wp-content\/uploads\/2022\/05\/pozos_septicos_2-300x169.jpg 300w, https:\/\/desatascosdomarco.com\/wordpress\/wp-content\/uploads\/2022\/05\/pozos_septicos_2-768x432.jpg 768w\" sizes=\"auto, 100vw\" alt=\"\" \/><\/div><\/div>[\/vc_column_inner][\/vc_row_inner][\/vc_column][\/vc_row][vc_row type=&#8221;in_container&#8221; full_screen_row_position=&#8221;middle&#8221; scene_position=&#8221;center&#8221; text_color=&#8221;dark&#8221; text_align=&#8221;left&#8221; overlay_strength=&#8221;0.3&#8243; shape_divider_position=&#8221;bottom&#8221; bg_image_animation=&#8221;none&#8221;][vc_column column_padding=&#8221;no-extra-padding&#8221; column_padding_position=&#8221;all&#8221; background_color_opacity=&#8221;1&#8243; background_hover_color_opacity=&#8221;1&#8243; column_link_target=&#8221;_self&#8221; column_shadow=&#8221;none&#8221; column_border_radius=&#8221;none&#8221; width=&#8221;1\/1&#8243; tablet_width_inherit=&#8221;default&#8221; tablet_text_alignment=&#8221;default&#8221; phone_text_alignment=&#8221;default&#8221; column_border_width=&#8221;none&#8221; column_border_style=&#8221;solid&#8221; bg_image_animation=&#8221;none&#8221;]<div class=\"divider-wrap\" data-alignment=\"default\"><div style=\"height: 30px;\" class=\"divider\"><\/div><\/div>[vc_column_text]\n<h3><span class=\"textonegro texto12\"><a class=\"enlace14\" href=\"\/contacto\"><b>P\u00eddanos presupuesto<\/b><\/a>\u00a0<\/span><span class=\"textonegro texto12\">sin ning\u00fan compromiso para contratar el mantenimiento de las fosas s\u00e9pticas de su comunidad o vivienda. No espere a que el desagradable olor le indique que es hora de vaciar y limpiar el foso s\u00e9ptico. <\/span><\/h3>\n[\/vc_column_text][\/vc_column][\/vc_row][vc_row type=&#8221;full_width_content&#8221; full_screen_row_position=&#8221;middle&#8221; scene_position=&#8221;center&#8221; text_color=&#8221;dark&#8221; text_align=&#8221;left&#8221; overlay_strength=&#8221;0.3&#8243; shape_divider_position=&#8221;bottom&#8221; bg_image_animation=&#8221;none&#8221; shape_type=&#8221;&#8221;][vc_column column_padding=&#8221;no-extra-padding&#8221; column_padding_position=&#8221;all&#8221; background_color_opacity=&#8221;1&#8243; background_hover_color_opacity=&#8221;1&#8243; column_link_target=&#8221;_self&#8221; column_shadow=&#8221;none&#8221; column_border_radius=&#8221;none&#8221; width=&#8221;1\/1&#8243; tablet_width_inherit=&#8221;default&#8221; tablet_text_alignment=&#8221;default&#8221; phone_text_alignment=&#8221;default&#8221; column_border_width=&#8221;none&#8221; column_border_style=&#8221;solid&#8221; bg_image_animation=&#8221;none&#8221;]<div class=\"divider-wrap\" data-alignment=\"default\"><div style=\"margin-top: 12px; height: 3px; margin-bottom: 12px;\" data-width=\"100%\" data-animate=\"yes\" data-animation-delay=\"\" data-color=\"accent-color\" class=\"divider-border\"><\/div><\/div>[\/vc_column][\/vc_row][vc_row type=&#8221;full_width_content&#8221; full_screen_row_position=&#8221;middle&#8221; scene_position=&#8221;center&#8221; text_color=&#8221;dark&#8221; text_align=&#8221;left&#8221; overlay_strength=&#8221;0.3&#8243; shape_divider_position=&#8221;bottom&#8221; bg_image_animation=&#8221;none&#8221; shape_type=&#8221;&#8221;][vc_column column_padding=&#8221;padding-4-percent&#8221; column_padding_position=&#8221;all&#8221; background_color_opacity=&#8221;1&#8243; background_hover_color_opacity=&#8221;1&#8243; column_link_target=&#8221;_self&#8221; column_shadow=&#8221;none&#8221; column_border_radius=&#8221;none&#8221; width=&#8221;2\/3&#8243; tablet_width_inherit=&#8221;default&#8221; tablet_text_alignment=&#8221;default&#8221; phone_text_alignment=&#8221;default&#8221; column_border_width=&#8221;none&#8221; column_border_style=&#8221;solid&#8221; bg_image_animation=&#8221;none&#8221;][vc_column_text]\n<h3><strong>Algunos de nuestros servicios&#8230;<br \/>\n<\/strong><\/h3>\n[\/vc_column_text][vc_column_text]\n<h5>&#8211; Desatascos de urgencia<br \/>\n&#8211; Limpiezas especiales<br \/>\n&#8211; Mantenimiento de saneamientos<br \/>\n&#8211; Fosas s\u00e9pticas<br \/>\n&#8211; Inspecci\u00f3n de saneamientos por videoc\u00e1mara<\/h5>\n<p>No dude en consultarnos sea cual sea su problema o necesidad.<br \/>\n<b>NOS GUSTAN LOS RETOS !!!<\/b>[\/vc_column_text][\/vc_column][vc_column column_padding=&#8221;no-extra-padding&#8221; column_padding_position=&#8221;all&#8221; background_color_opacity=&#8221;1&#8243; background_hover_color_opacity=&#8221;1&#8243; column_link_target=&#8221;_self&#8221; column_shadow=&#8221;none&#8221; column_border_radius=&#8221;none&#8221; width=&#8221;1\/3&#8243; tablet_width_inherit=&#8221;default&#8221; tablet_text_alignment=&#8221;default&#8221; phone_text_alignment=&#8221;default&#8221; column_border_width=&#8221;none&#8221; column_border_style=&#8221;solid&#8221; bg_image_animation=&#8221;none&#8221;][vc_row_inner column_margin=&#8221;default&#8221; text_align=&#8221;right&#8221;][vc_column_inner column_padding=&#8221;no-extra-padding&#8221; column_padding_position=&#8221;all&#8221; background_color_opacity=&#8221;1&#8243; background_hover_color_opacity=&#8221;1&#8243; column_shadow=&#8221;none&#8221; column_border_radius=&#8221;none&#8221; column_link_target=&#8221;_self&#8221; width=&#8221;1\/1&#8243; tablet_width_inherit=&#8221;default&#8221; column_border_width=&#8221;none&#8221; column_border_style=&#8221;solid&#8221; bg_image_animation=&#8221;none&#8221;]<div class=\"divider-wrap\" data-alignment=\"default\"><div style=\"height: 100px;\" class=\"divider\"><\/div><\/div><div class=\"img-with-aniamtion-wrap \" data-max-width=\"100%\" data-border-radius=\"none\"><div class=\"inner\"><img loading=\"lazy\" decoding=\"async\" data-shadow=\"none\" data-shadow-direction=\"middle\" class=\"img-with-animation skip-lazy \" data-delay=\"0\" height=\"280\" width=\"117\"  data-animation=\"fade-in\" src=\"https:\/\/desatascosdomarco.com\/wordpress\/wp-content\/uploads\/2022\/05\/manguera.jpg\"  alt=\"\" \/><\/div><\/div>[\/vc_column_inner][\/vc_row_inner][\/vc_column][\/vc_row]\n","protected":false},"excerpt":{"rendered":"<p>[vc_row type=&#8221;in_container&#8221; full_screen_row_position=&#8221;middle&#8221; scene_position=&#8221;center&#8221; text_color=&#8221;dark&#8221; text_align=&#8221;left&#8221; overlay_strength=&#8221;0.3&#8243; shape_divider_position=&#8221;bottom&#8221; bg_image_animation=&#8221;none&#8221;][vc_column column_padding=&#8221;no-extra-padding&#8221; column_padding_position=&#8221;all&#8221; background_color_opacity=&#8221;1&#8243; background_hover_color_opacity=&#8221;1&#8243; column_link_target=&#8221;_self&#8221; column_shadow=&#8221;none&#8221; column_border_radius=&#8221;none&#8221; width=&#8221;1\/1&#8243; tablet_width_inherit=&#8221;default&#8221; tablet_text_alignment=&#8221;default&#8221; phone_text_alignment=&#8221;default&#8221; column_border_width=&#8221;none&#8221; column_border_style=&#8221;solid&#8221; bg_image_animation=&#8221;none&#8221;][vc_column_text] Volver a servicios [\/vc_column_text][vc_column_text] LIMPIEZA DE POZOS&#8230;<\/p>\n","protected":false},"author":1,"featured_media":0,"parent":0,"menu_order":0,"comment_status":"closed","ping_status":"closed","template":"","meta":{"footnotes":""},"class_list":["post-148","page","type-page","status-publish"],"_links":{"self":[{"href":"https:\/\/desatascosdomarco.com\/wordpress\/wp-json\/wp\/v2\/pages\/148","targetHints":{"allow":["GET"]}}],"collection":[{"href":"https:\/\/desatascosdomarco.com\/wordpress\/wp-json\/wp\/v2\/pages"}],"about":[{"href":"https:\/\/desatascosdomarco.com\/wordpress\/wp-json\/wp\/v2\/types\/page"}],"author":[{"embeddable":true,"href":"https:\/\/desatascosdomarco.com\/wordpress\/wp-json\/wp\/v2\/users\/1"}],"replies":[{"embeddable":true,"href":"https:\/\/desatascosdomarco.com\/wordpress\/wp-json\/wp\/v2\/comments?post=148"}],"version-history":[{"count":1,"href":"https:\/\/desatascosdomarco.com\/wordpress\/wp-json\/wp\/v2\/pages\/148\/revisions"}],"predecessor-version":[{"id":151,"href":"https:\/\/desatascosdomarco.com\/wordpress\/wp-json\/wp\/v2\/pages\/148\/revisions\/151"}],"wp:attachment":[{"href":"https:\/\/desatascosdomarco.com\/wordpress\/wp-json\/wp\/v2\/media?parent=148"}],"curies":[{"name":"wp","href":"https:\/\/api.w.org\/{rel}","templated":true}]}}